{"id":2,"date":"2016-05-18T21:54:49","date_gmt":"2016-05-18T19:54:49","guid":{"rendered":"http:\/\/tesla-x-mieten.ch\/?page_id=2"},"modified":"2017-01-05T15:19:01","modified_gmt":"2017-01-05T14:19:01","slug":"online-tage-buchen","status":"publish","type":"page","link":"https:\/\/www.teslasharing.com?page_id=2","title":{"rendered":"Online reservieren &#8211; Tageweise buchen"},"content":{"rendered":"<p>[vc_row css_animation=&#8220;&#8220; row_type=&#8220;row&#8220; use_row_as_full_screen_section=&#8220;no&#8220; type=&#8220;full_width&#8220; angled_section=&#8220;no&#8220; text_align=&#8220;left&#8220; background_image_as_pattern=&#8220;without_pattern&#8220; css=&#8220;.vc_custom_1481559467816{padding-top: 0px !important;padding-bottom: 20px !important;}&#8220;][vc_column width=&#8220;1\/4&#8243;][vc_single_image image=&#8220;495&#8243; img_size=&#8220;64&#215;64&#8243; alignment=&#8220;center&#8220; qode_css_animation=&#8220;&#8220;][vc_separator type=&#8220;transparent&#8220; thickness=&#8220;0&#8243; up=&#8220;31&#8243; down=&#8220;0&#8243;][vc_column_text]<\/p>\n<h4 style=\"text-align: center;\">1. Datum reservieren<\/h4>\n<p>[\/vc_column_text][vc_separator type=&#8220;transparent&#8220; thickness=&#8220;0&#8243; up=&#8220;25&#8243; down=&#8220;0&#8243;][vc_column_text]W\u00e4hlen Sie Ihr Wunschdatum und buchen Sie &#8211; falls gew\u00fcnscht &#8211; Extras. F\u00fcr die Reservation sind 100 CHF f\u00e4llig, zu bezahlen mit Kreditkarte oder mit Paypal.[\/vc_column_text][\/vc_column][vc_column width=&#8220;1\/4&#8243;][vc_single_image image=&#8220;502&#8243; img_size=&#8220;64&#215;64&#8243; alignment=&#8220;center&#8220; qode_css_animation=&#8220;&#8220;][vc_separator type=&#8220;transparent&#8220; thickness=&#8220;0&#8243; up=&#8220;31&#8243; down=&#8220;0&#8243;][vc_column_text]<\/p>\n<h4 style=\"text-align: center;\">2. Vertrag ausf\u00fcllen<\/h4>\n<p>[\/vc_column_text][vc_separator type=&#8220;transparent&#8220; thickness=&#8220;0&#8243; up=&#8220;25&#8243; down=&#8220;0&#8243;][vc_column_text]Wir best\u00e4tigen Ihre Reservation und senden Ihnen per Mail einen Link zum Vertrag. Diesen f\u00fcllen Sie bis sp\u00e4testens 24h vor der Miete aus. Den Restbetrag begleichen Sie mit Paypal oder Kreditkarte oder per Rechnung.[\/vc_column_text][\/vc_column][vc_column width=&#8220;1\/4&#8243;][vc_single_image image=&#8220;498&#8243; img_size=&#8220;64&#215;64&#8243; alignment=&#8220;center&#8220; qode_css_animation=&#8220;&#8220;][vc_separator type=&#8220;transparent&#8220; thickness=&#8220;0&#8243; up=&#8220;31&#8243; down=&#8220;0&#8243;][vc_column_text]<\/p>\n<h4 style=\"text-align: center;\">3. Video ansehen<\/h4>\n<p>[\/vc_column_text][vc_separator type=&#8220;transparent&#8220; thickness=&#8220;0&#8243; up=&#8220;25&#8243; down=&#8220;0&#8243;][vc_column_text]Sie erhalten von uns per Mail einen Link\u00a0zum <a href=\"https:\/\/www.youtube.com\/watch?v=12PS8BId8N8\">Instruktionsvideo<\/a>. Das Instruktionsvideo erkl\u00e4rt alle Funktionen des Teslas. Nachdem Sie den Film gesehen haben, sind Sie bereit f\u00fcr die Fahrt.[\/vc_column_text][\/vc_column][vc_column width=&#8220;1\/4&#8243;][vc_single_image image=&#8220;496&#8243; img_size=&#8220;64&#215;64&#8243; alignment=&#8220;center&#8220; qode_css_animation=&#8220;&#8220;][vc_separator type=&#8220;transparent&#8220; thickness=&#8220;0&#8243; up=&#8220;31&#8243; down=&#8220;0&#8243;][vc_column_text]<\/p>\n<h4 style=\"text-align: center;\">4. Wagen abholen<\/h4>\n<p>[\/vc_column_text][vc_separator type=&#8220;transparent&#8220; thickness=&#8220;0&#8243; up=&#8220;25&#8243; down=&#8220;0&#8243;][vc_column_text]Holen Sie den Tesla zum vereinbarten Zeitpunkt an einem unserer Standorte ab. Alternativ bringen wir Ihnen den Tesla gegen einen Aufpreis zu Ihnen. Sie erhalten noch einmal einen kurze, 5-min\u00fctige Instruktion vor Ort.[\/vc_column_text][\/vc_column][\/vc_row][vc_row css_animation=&#8220;&#8220; row_type=&#8220;row&#8220; use_row_as_full_screen_section=&#8220;no&#8220; type=&#8220;full_width&#8220; angled_section=&#8220;no&#8220; text_align=&#8220;left&#8220; background_image_as_pattern=&#8220;without_pattern&#8220;][vc_column][vc_column_text]\n<link rel=\"stylesheet\" type=\"text\/css\" href=\"https:\/\/www.teslasharing.com\/wp-content\/plugins\/dopbsp\/templates\/default\/css\/jquery.dop.frontend.BSPSearch.css\" \/>\n<script type=\"text\/JavaScript\">\n    dopbspGoogleAPIkey = \"AIzaSyC5Y5PQbbr9Uvv7RuUCtnTQcQzqDofj0jc\";\n    jQuery(document).ready(function(){\n        jQuery(\"#DOPBSPSearch1\").DOPBSPSearch({\"availability\":{\"data\":{\"enabled\":false,\"max\":10,\"min\":1},\"text\":{\"title\":\"Anzahl Fahrzeuge\"}},\"currency\":{\"data\":{\"code\":\"CHF\",\"position\":\"after_with_space\",\"sign\":\"&#67;&#72;&#70;\",\"text\":[]}},\"days\":{\"data\":{\"first\":1,\"multipleSelect\":true},\"text\":{\"names\":[\"Sonntag\",\"Montag\",\"Dienstag\",\"Mittwoch\",\"Donnerstag\",\"Freitag\",\"Samstag\"],\"shortNames\":[\"So\",\"Mo\",\"Di\",\"Mi\",\"Do\",\"Fr\",\"Sa\"]}},\"hours\":{\"data\":{\"ampm\":false,\"definitions\":[{\"value\":\"00:00\"},{\"value\":\"01:00\"},{\"value\":\"02:00\"},{\"value\":\"03:00\"},{\"value\":\"04:00\"},{\"value\":\"05:00\"},{\"value\":\"06:00\"},{\"value\":\"07:00\"},{\"value\":\"08:00\"},{\"value\":\"09:00\"},{\"value\":\"10:00\"},{\"value\":\"11:00\"},{\"value\":\"12:00\"},{\"value\":\"13:00\"},{\"value\":\"14:00\"},{\"value\":\"15:00\"},{\"value\":\"16:00\"},{\"value\":\"17:00\"},{\"value\":\"18:00\"},{\"value\":\"19:00\"},{\"value\":\"20:00\"},{\"value\":\"21:00\"},{\"value\":\"22:00\"},{\"value\":\"23:00\"}],\"enabled\":false,\"multipleSelect\":true},\"text\":[]},\"ID\":\"1\",\"REDIRECT_ID\":0,\"months\":{\"data\":[],\"text\":{\"names\":[\"Januar\",\"Februar\",\"M\\u00e4rz\",\"April\",\"Mai\",\"Juni\",\"Juli\",\"August\",\"September\",\"Oktober\",\"November\",\"Dezember\"],\"shortNames\":[\"Jan\",\"Feb\",\"M\\u00e4r\",\"Apr\",\"Mai\",\"Jun\",\"Jul\",\"Aug\",\"Sep\",\"Okt\",\"Nov\",\"Dez\"]}},\"pluginURL\":\"https:\\\/\\\/www.teslasharing.com\\\/wp-content\\\/plugins\\\/dopbsp\\\/\",\"price\":{\"data\":{\"enabled\":true,\"max\":350,\"min\":0},\"text\":[]},\"search\":{\"data\":{\"dateType\":2,\"enabled\":false,\"language\":\"de\",\"template\":\"default\"},\"text\":{\"checkIn\":\"Mietstart\",\"checkOut\":\"Mietende\",\"hourEnd\":\"Ende um\",\"hourStart\":\"Start um\",\"title\":\"!\"}},\"sort\":{\"data\":[],\"text\":{\"name\":\"Name\",\"price\":\"Preis\",\"title\":\"Sortieren nach\"}},\"URL\":\"https:\\\/\\\/www.teslasharing.com\\\/wp-admin\\\/admin-ajax.php\",\"view\":{\"data\":{\"default\":false,\"gridEnabled\":true,\"listEnabled\":true,\"mapEnabled\":true,\"results\":20},\"text\":{\"grid\":\"Grid view\",\"list\":\"Listenansicht\",\"map\":\"Kartenansicht\"}}});\n    });\n<\/script>\n<div id=\"DOPBSPSearch-loader1\" class=\"DOPBSPSearch-loader\"><\/div>\n<table id=\"DOPBSPSearch1\" class=\"DOPBSPSearch-wrapper DOPBSPSearch-hidden notranslate\">\n <colgroup>\n     <col class=\"dopbsp-sidebar-style\" \/>\n     <col class=\"dopbsp-column-separator-style\" \/>\n     <col class=\"dopbsp-results-style\" \/>\n <\/colgroup>\n <tbody>\n <tr>\n     <td class=\"DOPBSPSearch-sidebar\"> <div class=\"dopbsp-module\">\n     <h4>Suche<\/h4>\n <\/div>\n <hr \/>\n <div class=\"dopbsp-search-sidebar-form\">\n     <div class=\"dopbsp-module\">\n         <div class=\"dopbsp-input-wrapper\">\n             <input type=\"text\" name=\"DOPBSPSearch-check-in-view1\" id=\"DOPBSPSearch-check-in-view1\" class=\"DOPBSPSearch-check-in-view\" value=\"Mietstart\" \/>\n             <input type=\"hidden\" name=\"DOPBSPSearch-check-in1\" id=\"DOPBSPSearch-check-in1\" value=\"\" \/>\n         <\/div>\n     <div class=\"dopbsp-input-wrapper\">\n         <input type=\"text\" name=\"DOPBSPSearch-check-out-view1\" id=\"DOPBSPSearch-check-out-view1\" class=\"DOPBSPSearch-check-out-view\" value=\"Mietende\" \/>\n         <input type=\"hidden\" name=\"DOPBSPSearch-check-out1\" id=\"DOPBSPSearch-check-out1\" value=\"\" \/>\n     <\/div>\n     <\/div>\n <div class=\"dopbsp-module dopbsp-price\">\n     <div class=\"dopbsp-input-wrapper\">\n         <label id=\"DOPBSPSearch-price-min1\">&nbsp;<\/label>\n         <label id=\"DOPBSPSearch-price-max1\">&nbsp;<\/label>\n         <input type=\"hidden\" name=\"DOPBSPSearch-price-min-value1\" id=\"DOPBSPSearch-price-min-value1\" value=\"\" \/>\n         <input type=\"hidden\" name=\"DOPBSPSearch-price-max-value1\" id=\"DOPBSPSearch-price-max-value1\" value=\"\" \/>\n         <div id=\"DOPBSPSearch-price1\"><\/div>\n     <\/div>\n <\/div>\n <\/div><\/td>\n     <td class=\"dopbsp-column-separator\"><\/td>\n     <td class=\"DOPBSPSearch-content\">\n<div class=\"DOPBSPSearch-sort\">\n     <h5>Sortieren nach<\/h5>\n     <select id=\"DOPBSPSearch-sort-by1\" class=\"dopbsp-small\">\n         <option value=\"price\">Preis<\/option>\n         <option value=\"name\">Name<\/option>\n     <select>\n     <input type=\"hidden\" name=\"DOPBSPSearch-sort-direction-value1\" id=\"DOPBSPSearch-sort-direction-value1\" value=\"ASC\" \/>\n     <a href=\"javascript:void(0)\" id=\"DOPBSPSearch-sort-direction1\" class=\"dopbsp-asc\">\n         <span class=\"dopbsp-info dopbsp-asc\">Ascending<\/span>\n         <span class=\"dopbsp-info dopbsp-desc\">Descending<\/span>\n     <\/a>\n<\/div>\n<input type=\"hidden\" name=\"DOPBSPSearch-view1\" id=\"DOPBSPSearch-view1\" value=\"map\" \/><ul class=\"DOPBSPSearch-view\"> <li id=\"DOPBSPSearch-view-list1\" class=\"dopbsp-view-list\">     <span class=\"dopbsp-info\">Listenansicht<\/span> <\/li> <li id=\"DOPBSPSearch-view-grid1\" class=\"dopbsp-view-grid\">     <span class=\"dopbsp-info\">Grid view<\/span> <\/li> <li id=\"DOPBSPSearch-view-map1\" class=\"dopbsp-view-map dopbsp-selected\">     <span class=\"dopbsp-info\">Kartenansicht<\/span> <\/li><\/ul>\n     <br class=\"DOPBSPSearch-clear\" \/>\n     <hr \/>\n<div id=\"DOPBSPSearch-results-loader1\" class=\"dopbsp-loader\"><\/div><div id=\"DOPBSPSearch-results1\" class=\"DOPBSPSearch-results\"><\/div>\n     <\/td>\n <\/tr>\n <\/tbody>\n<\/table>\n<\/p>\n<p>[\/vc_column_text][\/vc_column][\/vc_row]<\/p>\n","protected":false},"excerpt":{"rendered":"<p>[vc_row css_animation=&#8220;&#8220; row_type=&#8220;row&#8220; use_row_as_full_screen_section=&#8220;no&#8220; type=&#8220;full_width&#8220; angled_section=&#8220;no&#8220; text_align=&#8220;left&#8220; background_image_as_pattern=&#8220;without_pattern&#8220; css=&#8220;.vc_custom_1481559467816{padding-top: 0px !important;padding-bottom: 20px !important;}&#8220;][vc_column width=&#8220;1\/4&#8243;][vc_single_image image=&#8220;495&#8243; img_size=&#8220;64&#215;64&#8243; alignment=&#8220;center&#8220; qode_css_animation=&#8220;&#8220;][vc_separator type=&#8220;transparent&#8220; thickness=&#8220;0&#8243; up=&#8220;31&#8243; down=&#8220;0&#8243;][vc_column_text] 1. Datum reservieren [\/vc_column_text][vc_separator type=&#8220;transparent&#8220; thickness=&#8220;0&#8243; up=&#8220;25&#8243; down=&#8220;0&#8243;][vc_column_text]W\u00e4hlen Sie Ihr Wunschdatum und buchen Sie &#8211; falls gew\u00fcnscht &#8211; Extras. F\u00fcr die Reservation sind&#8230;<\/p>\n","protected":false},"author":1,"featured_media":0,"parent":0,"menu_order":0,"comment_status":"closed","ping_status":"closed","template":"","meta":[],"_links":{"self":[{"href":"https:\/\/www.teslasharing.com\/index.php?rest_route=\/wp\/v2\/pages\/2"}],"collection":[{"href":"https:\/\/www.teslasharing.com\/index.php?rest_route=\/wp\/v2\/pages"}],"about":[{"href":"https:\/\/www.teslasharing.com\/index.php?rest_route=\/wp\/v2\/types\/page"}],"author":[{"embeddable":true,"href":"https:\/\/www.teslasharing.com\/index.php?rest_route=\/wp\/v2\/users\/1"}],"replies":[{"embeddable":true,"href":"https:\/\/www.teslasharing.com\/index.php?rest_route=%2Fwp%2Fv2%2Fcomments&post=2"}],"version-history":[{"count":34,"href":"https:\/\/www.teslasharing.com\/index.php?rest_route=\/wp\/v2\/pages\/2\/revisions"}],"predecessor-version":[{"id":2496,"href":"https:\/\/www.teslasharing.com\/index.php?rest_route=\/wp\/v2\/pages\/2\/revisions\/2496"}],"wp:attachment":[{"href":"https:\/\/www.teslasharing.com\/index.php?rest_route=%2Fwp%2Fv2%2Fmedia&parent=2"}],"curies":[{"name":"wp","href":"https:\/\/api.w.org\/{rel}","templated":true}]}}